{"id":2948,"date":"2026-04-21T12:16:33","date_gmt":"2026-04-21T10:16:33","guid":{"rendered":"https:\/\/dobprojekti.splet.arnes.si\/?page_id=2948"},"modified":"2026-04-21T12:23:17","modified_gmt":"2026-04-21T10:23:17","slug":"ka203-2024-nelca","status":"publish","type":"page","link":"https:\/\/projekti.osdobje.si\/?page_id=2948","title":{"rendered":"KA203: 2024 \u2013 NELCA"},"content":{"rendered":"\n<p>V okviru akcije KA2 sodelujemo kot partnerska organizacija v projektu <a href=\"https:\/\/www.iaitme.com\/sl\/project\/necla\">NELCA<\/a>, ki ga koordinira Univerza na Slova\u0161kem. Projekt spodbuja razvoj inovativnih praks na podro\u010dju pou\u010devanja in u\u010denja ter krepi sodelovanje med \u0161olami in visoko\u0161olskimi ustanovami.<\/p>\n\n\n\n<p>V okviru projekta se je vzpostavilo Mednarodno zdru\u017eenje inovativnih u\u010diteljev in vodij\u00a0v izobra\u017eevanju <a href=\"https:\/\/www.iaitme.com\/sl\/\">IAITME<\/a>.<\/p>\n\n\n\n<div class=\"wp-block-group is-vertical is-layout-flex wp-container-core-group-is-layout-8cf370e7 wp-block-group-is-layout-flex\">\n<p>Skupaj z vodilno organizacijo <a href=\"https:\/\/www.ku.sk\/\">Katli\u0161ka univerza v Ru\u017eomberoku<\/a> je nastal priro\u010dnik:<\/p>\n\n\n\n<p><a href=\"https:\/\/projekti.osdobje.si\/files\/2026\/04\/NELCA-guidelines.pdf\">Strategic Guidelines for Transforming Schools into SMART Learning Organisations<\/a><\/p>\n<\/div>\n\n\n\n<p><\/p>\n\n\n\n<p>Projektni partnerji: \u200d<a href=\"https:\/\/harmony.sk\/?hsLang=sl&amp;__hstc=236269150.634f2831b1af7a2477a15b1b34eaa12a.1776766688382.1776766688382.1776766688382.1&amp;__hssc=236269150.1.1776766688382&amp;__hsfp=ec41716ff3f86bf5c57b56e9dbe99096\">HARMONYACADEMY s.r.o<\/a>, Slova\u0161ka,\u00a0<a href=\"https:\/\/www.mruni.eu\/\">MYKOLO ROMERIO UNIVERSITETAS<\/a>, Litva,\u00a0<a href=\"https:\/\/dig-ed.org\/\">Centar za inovacii i digitalna edukacija DIG-ED<\/a>, Severna Makedonija, Opshtinsko osnovno uchilishte STRASHO PINDJUR Negotino, Severna Makedonija,\u00a0<a href=\"https:\/\/www.osdobje.si\/\">Osnovna \u0161ola Dobje<\/a>, Slovenija,\u00a0<a href=\"https:\/\/zssladkovicova.edupage.org\/\">Z\u00e1kladn\u00e1 \u0161kola Sl\u00e1dkovi\u010dova<\/a>, Ru\u017eomberok, Slova\u0161ka,\u00a0<a href=\"https:\/\/www.mobilitiesinlatvia.eu\/\">BIEDRIBA EUROFORTIS<\/a>, Latvija,\u00a0<a href=\"https:\/\/masioto.lt\/\">Vilniaus Prano Masioto pradine mokykla<\/a>, Litva<\/p>\n\n\n\n<p><\/p>\n","protected":false},"excerpt":{"rendered":"<p>V okviru akcije KA2 sodelujemo kot partnerska organizacija v projektu NELCA, ki ga koordinira Univerza na Slova\u0161kem. Projekt spodbuja razvoj inovativnih praks na podro\u010dju pou\u010devanja in u\u010denja ter krepi sodelovanje med \u0161olami in visoko\u0161olskimi ustanovami. V okviru projekta se je &hellip; <a href=\"https:\/\/projekti.osdobje.si\/?page_id=2948\">Beri naprej <span class=\"meta-nav\">&rarr;<\/span><\/a><\/p>\n","protected":false},"author":89974,"featured_media":0,"parent":0,"menu_order":0,"comment_status":"closed","ping_status":"closed","template":"","meta":{"ngg_post_thumbnail":0,"footnotes":"","_expiration-date-status":"","_expiration-date":0,"_expiration-date-type":"","_expiration-date-categories":[],"_expiration-date-options":[]},"class_list":["post-2948","page","type-page","status-publish","hentry"],"_links":{"self":[{"href":"https:\/\/projekti.osdobje.si\/index.php?rest_route=\/wp\/v2\/pages\/2948","targetHints":{"allow":["GET"]}}],"collection":[{"href":"https:\/\/projekti.osdobje.si\/index.php?rest_route=\/wp\/v2\/pages"}],"about":[{"href":"https:\/\/projekti.osdobje.si\/index.php?rest_route=\/wp\/v2\/types\/page"}],"author":[{"embeddable":true,"href":"https:\/\/projekti.osdobje.si\/index.php?rest_route=\/wp\/v2\/users\/89974"}],"replies":[{"embeddable":true,"href":"https:\/\/projekti.osdobje.si\/index.php?rest_route=%2Fwp%2Fv2%2Fcomments&post=2948"}],"version-history":[{"count":2,"href":"https:\/\/projekti.osdobje.si\/index.php?rest_route=\/wp\/v2\/pages\/2948\/revisions"}],"predecessor-version":[{"id":2953,"href":"https:\/\/projekti.osdobje.si\/index.php?rest_route=\/wp\/v2\/pages\/2948\/revisions\/2953"}],"wp:attachment":[{"href":"https:\/\/projekti.osdobje.si\/index.php?rest_route=%2Fwp%2Fv2%2Fmedia&parent=2948"}],"curies":[{"name":"wp","href":"https:\/\/api.w.org\/{rel}","templated":true}]}}